{"id":61,"date":"2023-07-09T12:24:32","date_gmt":"2023-07-09T10:24:32","guid":{"rendered":"https:\/\/vivelestop.fr\/?page_id=61"},"modified":"2023-11-04T20:02:45","modified_gmt":"2023-11-04T19:02:45","slug":"le-cafe-stop","status":"publish","type":"page","link":"https:\/\/vivelestop.fr\/index.php\/le-cafe-stop\/","title":{"rendered":"LE CAFE-STOP"},"content":{"rendered":"\t\t<div data-elementor-type=\"wp-page\" data-elementor-id=\"61\" class=\"elementor elementor-61\">\n\t\t\t\t\t\t\t\t\t<section class=\"elementor-section elementor-top-section elementor-element elementor-element-124a1c8 elementor-section-stretched elementor-section-boxed elementor-section-height-default elementor-section-height-default\" data-id=\"124a1c8\" data-element_type=\"section\" data-settings=\"{&quot;stretch_section&quot;:&quot;section-stretched&quot;,&quot;background_background&quot;:&quot;classic&quot;}\">\n\t\t\t\t\t\t<div class=\"elementor-container elementor-column-gap-default\">\n\t\t\t\t\t<div class=\"elementor-column elementor-col-100 elementor-top-column elementor-element elementor-element-41f8d9f\" data-id=\"41f8d9f\" data-element_type=\"column\">\n\t\t\t<div class=\"elementor-widget-wrap elementor-element-populated\">\n\t\t\t\t\t\t\t\t<div class=\"elementor-element elementor-element-7c65356 elementor-widget elementor-widget-spacer\" data-id=\"7c65356\" data-element_type=\"widget\" data-widget_type=\"spacer.default\">\n\t\t\t\t<div class=\"elementor-widget-container\">\n\t\t\t<style>\/*! elementor - v3.15.0 - 02-08-2023 *\/\n.elementor-column .elementor-spacer-inner{height:var(--spacer-size)}.e-con{--container-widget-width:100%}.e-con-inner>.elementor-widget-spacer,.e-con>.elementor-widget-spacer{width:var(--container-widget-width,var(--spacer-size));--align-self:var(--container-widget-align-self,initial);--flex-shrink:0}.e-con-inner>.elementor-widget-spacer>.elementor-widget-container,.e-con-inner>.elementor-widget-spacer>.elementor-widget-container>.elementor-spacer,.e-con>.elementor-widget-spacer>.elementor-widget-container,.e-con>.elementor-widget-spacer>.elementor-widget-container>.elementor-spacer{height:100%}.e-con-inner>.elementor-widget-spacer>.elementor-widget-container>.elementor-spacer>.elementor-spacer-inner,.e-con>.elementor-widget-spacer>.elementor-widget-container>.elementor-spacer>.elementor-spacer-inner{height:var(--container-widget-height,var(--spacer-size))}<\/style>\t\t<div class=\"elementor-spacer\">\n\t\t\t<div class=\"elementor-spacer-inner\"><\/div>\n\t\t<\/div>\n\t\t\t\t<\/div>\n\t\t\t\t<\/div>\n\t\t\t\t\t<\/div>\n\t\t<\/div>\n\t\t\t\t\t\t\t<\/div>\n\t\t<\/section>\n\t\t\t\t<section class=\"elementor-section elementor-top-section elementor-element elementor-element-d9ee7a6 elementor-section-stretched elementor-section-boxed elementor-section-height-default elementor-section-height-default\" data-id=\"d9ee7a6\" data-element_type=\"section\" data-settings=\"{&quot;stretch_section&quot;:&quot;section-stretched&quot;,&quot;background_background&quot;:&quot;classic&quot;}\">\n\t\t\t\t\t\t<div class=\"elementor-container elementor-column-gap-default\">\n\t\t\t\t\t<div class=\"elementor-column elementor-col-100 elementor-top-column elementor-element elementor-element-0e92af7\" data-id=\"0e92af7\" data-element_type=\"column\">\n\t\t\t<div class=\"elementor-widget-wrap elementor-element-populated\">\n\t\t\t\t\t\t\t\t<div class=\"elementor-element elementor-element-f961186 elementor-widget elementor-widget-spacer\" data-id=\"f961186\" data-element_type=\"widget\" data-widget_type=\"spacer.default\">\n\t\t\t\t<div class=\"elementor-widget-container\">\n\t\t\t\t\t<div class=\"elementor-spacer\">\n\t\t\t<div class=\"elementor-spacer-inner\"><\/div>\n\t\t<\/div>\n\t\t\t\t<\/div>\n\t\t\t\t<\/div>\n\t\t\t\t\t<\/div>\n\t\t<\/div>\n\t\t\t\t\t\t\t<\/div>\n\t\t<\/section>\n\t\t\t\t<section class=\"elementor-section elementor-top-section elementor-element elementor-element-2f2b05d elementor-section-stretched elementor-section-boxed elementor-section-height-default elementor-section-height-default\" data-id=\"2f2b05d\" data-element_type=\"section\" data-settings=\"{&quot;stretch_section&quot;:&quot;section-stretched&quot;,&quot;background_background&quot;:&quot;classic&quot;}\">\n\t\t\t\t\t\t<div class=\"elementor-container elementor-column-gap-default\">\n\t\t\t\t\t<div class=\"elementor-column elementor-col-50 elementor-top-column elementor-element elementor-element-912f00c\" data-id=\"912f00c\" data-element_type=\"column\">\n\t\t\t<div class=\"elementor-widget-wrap\">\n\t\t\t\t\t\t\t\t\t<\/div>\n\t\t<\/div>\n\t\t\t\t<div class=\"elementor-column elementor-col-50 elementor-top-column elementor-element elementor-element-20fba69\" data-id=\"20fba69\" data-element_type=\"column\">\n\t\t\t<div class=\"elementor-widget-wrap elementor-element-populated\">\n\t\t\t\t\t\t\t\t<div class=\"elementor-element elementor-element-ddc8081 premium-lottie-svg elementor-widget elementor-widget-premium-lottie\" data-id=\"ddc8081\" data-element_type=\"widget\" data-settings=\"{&quot;lottie_file&quot;:{&quot;url&quot;:&quot;https:\\\/\\\/vivelestop.fr\\\/wp-content\\\/uploads\\\/2023\\\/11\\\/Animation-1699102071560.json&quot;,&quot;id&quot;:1038,&quot;size&quot;:&quot;&quot;,&quot;alt&quot;:&quot;&quot;,&quot;source&quot;:&quot;library&quot;}}\" data-widget_type=\"premium-lottie.default\">\n\t\t\t\t<div class=\"elementor-widget-container\">\n\t\t\t\r\n\t\t<div class=\"premium-lottie-animation\" data-lottie-url=\"https:\/\/vivelestop.fr\/wp-content\/uploads\/2023\/11\/Animation-1699102071560.json\" data-lottie-loop=\"true\" data-lottie-reverse=\"\" data-lottie-hover=\"\" data-lottie-speed=\"1\" data-lottie-render=\"svg\">\r\n\t\t\t\t\t<\/div>\r\n\r\n\t\t\t\t<\/div>\n\t\t\t\t<\/div>\n\t\t\t\t<div class=\"elementor-element elementor-element-096e23e elementor-widget elementor-widget-text-editor\" data-id=\"096e23e\" data-element_type=\"widget\" data-widget_type=\"text-editor.default\">\n\t\t\t\t<div class=\"elementor-widget-container\">\n\t\t\t<style>\/*! elementor - v3.15.0 - 02-08-2023 *\/\n.elementor-widget-text-editor.elementor-drop-cap-view-stacked .elementor-drop-cap{background-color:#69727d;color:#fff}.elementor-widget-text-editor.elementor-drop-cap-view-framed .elementor-drop-cap{color:#69727d;border:3px solid;background-color:transparent}.elementor-widget-text-editor:not(.elementor-drop-cap-view-default) .elementor-drop-cap{margin-top:8px}.elementor-widget-text-editor:not(.elementor-drop-cap-view-default) .elementor-drop-cap-letter{width:1em;height:1em}.elementor-widget-text-editor .elementor-drop-cap{float:left;text-align:center;line-height:1;font-size:50px}.elementor-widget-text-editor .elementor-drop-cap-letter{display:inline-block}<\/style>\t\t\t\t<p>Votre caf\u00e9 ou votre bar est dans une zone avec peu de transports en commun ? <br \/>Mais l&rsquo;entraide y est une valeur forte ?<\/p>\n<p><br \/><strong>Alors proposez le \u00ab\u00a0Caf\u00e9-stop\u00a0\u00bb<\/strong>\u00a0: <strong>un caf\u00e9 offert<\/strong> \u00e0 tout autostoppeur ou conducteur qui racontera une anecdote de stop. <br \/>Sur la foi de quelle preuve? <br \/>Sur la simple bonne foi\u00a0! <br \/><br \/>On a test\u00e9 et personne n&rsquo;a cherch\u00e9 \u00e0 filouter \u2013 \u00e0 part un ado sans le sous qui y a gagn\u00e9 un caf\u00e9.<\/p>\n<p><br \/>La patronne peut offrir le caf\u00e9 et\/ou mettre un pot pour que les gens y glissent une pi\u00e8ce de monnaie pour le prochain caf\u00e9-stop.<\/p>\n<p><!-- \/wp:paragraph --><!-- wp:paragraph --><\/p>\t\t\t\t\t\t<\/div>\n\t\t\t\t<\/div>\n\t\t\t\t\t<\/div>\n\t\t<\/div>\n\t\t\t\t\t\t\t<\/div>\n\t\t<\/section>\n\t\t\t\t<section class=\"elementor-section elementor-top-section elementor-element elementor-element-d7b1789 elementor-section-stretched elementor-section-boxed elementor-section-height-default elementor-section-height-default\" data-id=\"d7b1789\" data-element_type=\"section\" data-settings=\"{&quot;stretch_section&quot;:&quot;section-stretched&quot;,&quot;background_background&quot;:&quot;classic&quot;}\">\n\t\t\t\t\t\t<div class=\"elementor-container elementor-column-gap-default\">\n\t\t\t\t\t<div class=\"elementor-column elementor-col-100 elementor-top-column elementor-element elementor-element-eed3264\" data-id=\"eed3264\" data-element_type=\"column\">\n\t\t\t<div class=\"elementor-widget-wrap elementor-element-populated\">\n\t\t\t\t\t\t\t\t<div class=\"elementor-element elementor-element-c5464d5 elementor-widget elementor-widget-spacer\" data-id=\"c5464d5\" data-element_type=\"widget\" data-widget_type=\"spacer.default\">\n\t\t\t\t<div class=\"elementor-widget-container\">\n\t\t\t\t\t<div class=\"elementor-spacer\">\n\t\t\t<div class=\"elementor-spacer-inner\"><\/div>\n\t\t<\/div>\n\t\t\t\t<\/div>\n\t\t\t\t<\/div>\n\t\t\t\t\t<\/div>\n\t\t<\/div>\n\t\t\t\t\t\t\t<\/div>\n\t\t<\/section>\n\t\t\t\t<section class=\"elementor-section elementor-top-section elementor-element elementor-element-c18d99b elementor-section-full_width elementor-section-stretched elementor-section-height-default elementor-section-height-default\" data-id=\"c18d99b\" data-element_type=\"section\" data-settings=\"{&quot;stretch_section&quot;:&quot;section-stretched&quot;}\">\n\t\t\t\t\t\t<div class=\"elementor-container elementor-column-gap-custom\">\n\t\t\t\t\t<div class=\"elementor-column elementor-col-33 elementor-top-column elementor-element elementor-element-3ff9bd4\" data-id=\"3ff9bd4\" data-element_type=\"column\">\n\t\t\t<div class=\"elementor-widget-wrap\">\n\t\t\t\t\t\t\t\t\t<\/div>\n\t\t<\/div>\n\t\t\t\t<div class=\"elementor-column elementor-col-33 elementor-top-column elementor-element elementor-element-d124db2\" data-id=\"d124db2\" data-element_type=\"column\">\n\t\t\t<div class=\"elementor-widget-wrap elementor-element-populated\">\n\t\t\t\t\t\t\t\t<div class=\"elementor-element elementor-element-4e23d32 elementor-widget elementor-widget-image\" data-id=\"4e23d32\" data-element_type=\"widget\" data-widget_type=\"image.default\">\n\t\t\t\t<div class=\"elementor-widget-container\">\n\t\t\t<style>\/*! elementor - v3.15.0 - 02-08-2023 *\/\n.elementor-widget-image{text-align:center}.elementor-widget-image a{display:inline-block}.elementor-widget-image a img[src$=\".svg\"]{width:48px}.elementor-widget-image img{vertical-align:middle;display:inline-block}<\/style>\t\t\t\t\t\t\t\t\t\t\t\t<img loading=\"lazy\" decoding=\"async\" width=\"750\" height=\"910\" src=\"https:\/\/vivelestop.fr\/wp-content\/uploads\/2023\/08\/CAFE-STOP-23-crop-844x1024.jpg\" class=\"attachment-large size-large wp-image-535\" alt=\"\" srcset=\"https:\/\/vivelestop.fr\/wp-content\/uploads\/2023\/08\/CAFE-STOP-23-crop-844x1024.jpg 844w, https:\/\/vivelestop.fr\/wp-content\/uploads\/2023\/08\/CAFE-STOP-23-crop-247x300.jpg 247w, https:\/\/vivelestop.fr\/wp-content\/uploads\/2023\/08\/CAFE-STOP-23-crop-768x932.jpg 768w, https:\/\/vivelestop.fr\/wp-content\/uploads\/2023\/08\/CAFE-STOP-23-crop-1266x1536.jpg 1266w, https:\/\/vivelestop.fr\/wp-content\/uploads\/2023\/08\/CAFE-STOP-23-crop.jpg 1550w\" sizes=\"auto, (max-width: 750px) 100vw, 750px\" style=\"width:100%;height:121.29%;max-width:1550px\" \/>\t\t\t\t\t\t\t\t\t\t\t\t\t\t\t<\/div>\n\t\t\t\t<\/div>\n\t\t\t\t\t<\/div>\n\t\t<\/div>\n\t\t\t\t<div class=\"elementor-column elementor-col-33 elementor-top-column elementor-element elementor-element-a9c6227\" data-id=\"a9c6227\" data-element_type=\"column\">\n\t\t\t<div class=\"elementor-widget-wrap elementor-element-populated\">\n\t\t\t\t\t\t\t\t<div class=\"elementor-element elementor-element-160ed64 premium-lottie-svg elementor-widget elementor-widget-premium-lottie\" data-id=\"160ed64\" data-element_type=\"widget\" data-settings=\"{&quot;lottie_file&quot;:{&quot;url&quot;:&quot;https:\\\/\\\/vivelestop.fr\\\/wp-content\\\/uploads\\\/2023\\\/11\\\/Animation-1699102443024.json&quot;,&quot;id&quot;:1040,&quot;size&quot;:&quot;&quot;,&quot;alt&quot;:&quot;&quot;,&quot;source&quot;:&quot;library&quot;}}\" data-widget_type=\"premium-lottie.default\">\n\t\t\t\t<div class=\"elementor-widget-container\">\n\t\t\t\r\n\t\t<div class=\"premium-lottie-animation\" data-lottie-url=\"https:\/\/vivelestop.fr\/wp-content\/uploads\/2023\/11\/Animation-1699102443024.json\" data-lottie-loop=\"true\" data-lottie-reverse=\"\" data-lottie-hover=\"\" data-lottie-speed=\"1\" data-lottie-render=\"svg\">\r\n\t\t\t\t\t<\/div>\r\n\r\n\t\t\t\t<\/div>\n\t\t\t\t<\/div>\n\t\t\t\t<div class=\"elementor-element elementor-element-6cd55e1 elementor-button-warning elementor-align-left elementor-widget elementor-widget-button\" data-id=\"6cd55e1\" data-element_type=\"widget\" data-widget_type=\"button.default\">\n\t\t\t\t<div class=\"elementor-widget-container\">\n\t\t\t\t\t<div class=\"elementor-button-wrapper\">\n\t\t\t<a class=\"elementor-button elementor-button-link elementor-size-md\" href=\"https:\/\/vivelestop.fr\/wp-content\/uploads\/2023\/08\/CAFE-STOP-23-crop.jpg\" target=\"_blank\">\n\t\t\t\t\t\t<span class=\"elementor-button-content-wrapper\">\n\t\t\t\t\t\t<span class=\"elementor-button-text\">TELECHARGEZ L'AFFICHE !<\/span>\n\t\t<\/span>\n\t\t\t\t\t<\/a>\n\t\t<\/div>\n\t\t\t\t<\/div>\n\t\t\t\t<\/div>\n\t\t\t\t\t<\/div>\n\t\t<\/div>\n\t\t\t\t\t\t\t<\/div>\n\t\t<\/section>\n\t\t\t\t\t\t\t<\/div>\n\t\t","protected":false},"excerpt":{"rendered":"<p>Votre caf\u00e9 ou votre bar est dans une zone avec peu de transports en commun ? Mais l&rsquo;entraide y est une valeur forte ? Alors proposez le \u00ab\u00a0Caf\u00e9-stop\u00a0\u00bb\u00a0: un caf\u00e9 offert \u00e0 tout autostoppeur ou conducteur qui racontera une anecdote de stop. Sur la foi de quelle preuve? Sur la simple bonne foi\u00a0! On a&hellip; <a class=\"more-link\" href=\"https:\/\/vivelestop.fr\/index.php\/le-cafe-stop\/\">Poursuivre la lecture <span class=\"screen-reader-text\">LE CAFE-STOP<\/span><\/a><\/p>\n","protected":false},"author":1,"featured_media":0,"parent":0,"menu_order":0,"comment_status":"closed","ping_status":"closed","template":"","meta":{"footnotes":""},"class_list":["post-61","page","type-page","status-publish","hentry","entry"],"jetpack_sharing_enabled":true,"_links":{"self":[{"href":"https:\/\/vivelestop.fr\/index.php\/wp-json\/wp\/v2\/pages\/61","targetHints":{"allow":["GET"]}}],"collection":[{"href":"https:\/\/vivelestop.fr\/index.php\/wp-json\/wp\/v2\/pages"}],"about":[{"href":"https:\/\/vivelestop.fr\/index.php\/wp-json\/wp\/v2\/types\/page"}],"author":[{"embeddable":true,"href":"https:\/\/vivelestop.fr\/index.php\/wp-json\/wp\/v2\/users\/1"}],"replies":[{"embeddable":true,"href":"https:\/\/vivelestop.fr\/index.php\/wp-json\/wp\/v2\/comments?post=61"}],"version-history":[{"count":20,"href":"https:\/\/vivelestop.fr\/index.php\/wp-json\/wp\/v2\/pages\/61\/revisions"}],"predecessor-version":[{"id":1049,"href":"https:\/\/vivelestop.fr\/index.php\/wp-json\/wp\/v2\/pages\/61\/revisions\/1049"}],"wp:attachment":[{"href":"https:\/\/vivelestop.fr\/index.php\/wp-json\/wp\/v2\/media?parent=61"}],"curies":[{"name":"wp","href":"https:\/\/api.w.org\/{rel}","templated":true}]}}