{"id":306,"date":"2023-08-08T16:29:22","date_gmt":"2023-08-08T14:29:22","guid":{"rendered":"https:\/\/vivelestop.fr\/?page_id=306"},"modified":"2023-08-08T16:33:59","modified_gmt":"2023-08-08T14:33:59","slug":"mentions-legales","status":"publish","type":"page","link":"https:\/\/vivelestop.fr\/index.php\/mentions-legales\/","title":{"rendered":"MENTIONS LEGALES"},"content":{"rendered":"\n<h3 class=\"wp-block-heading\">L&rsquo;Amicale du bas-c\u00f4t\u00e9<\/h3>\n\n\n\n<p>Association loi 1901 \u00e0 but non lucratif<\/p>\n\n\n\n<p>RNA W631004200<\/p>\n\n\n\n<p>15 rue Henri Pourrat<\/p>\n\n\n\n<p>63890\u00a0<strong><a rel=\"noreferrer noopener\" href=\"https:\/\/www.net1901.org\/ville\/Saint-Amant-Roche-Savine,63314.html\" target=\"_blank\">Saint-Amant-Roche-Savine<\/a><\/strong><\/p>\n\n\n\n<p><strong>Contact :<\/strong> <\/p>\n\n\n\n<h3 class=\"wp-block-heading\">Directeur de publication :<\/h3>\n\n\n\n<p><\/p>\n\n\n\n<h3 class=\"wp-block-heading\">H\u00e9bergement :<\/h3>\n\n\n\n<h6 class=\"wp-block-heading\"><\/h6>\n","protected":false},"excerpt":{"rendered":"<p>L&rsquo;Amicale du bas-c\u00f4t\u00e9 Association loi 1901 \u00e0 but non lucratif RNA W631004200 15 rue Henri Pourrat 63890\u00a0Saint-Amant-Roche-Savine Contact : Directeur de publication : H\u00e9bergement :<\/p>\n","protected":false},"author":1,"featured_media":0,"parent":0,"menu_order":0,"comment_status":"closed","ping_status":"closed","template":"","meta":{"footnotes":""},"class_list":["post-306","page","type-page","status-publish","hentry","entry"],"jetpack_sharing_enabled":true,"_links":{"self":[{"href":"https:\/\/vivelestop.fr\/index.php\/wp-json\/wp\/v2\/pages\/306","targetHints":{"allow":["GET"]}}],"collection":[{"href":"https:\/\/vivelestop.fr\/index.php\/wp-json\/wp\/v2\/pages"}],"about":[{"href":"https:\/\/vivelestop.fr\/index.php\/wp-json\/wp\/v2\/types\/page"}],"author":[{"embeddable":true,"href":"https:\/\/vivelestop.fr\/index.php\/wp-json\/wp\/v2\/users\/1"}],"replies":[{"embeddable":true,"href":"https:\/\/vivelestop.fr\/index.php\/wp-json\/wp\/v2\/comments?post=306"}],"version-history":[{"count":2,"href":"https:\/\/vivelestop.fr\/index.php\/wp-json\/wp\/v2\/pages\/306\/revisions"}],"predecessor-version":[{"id":310,"href":"https:\/\/vivelestop.fr\/index.php\/wp-json\/wp\/v2\/pages\/306\/revisions\/310"}],"wp:attachment":[{"href":"https:\/\/vivelestop.fr\/index.php\/wp-json\/wp\/v2\/media?parent=306"}],"curies":[{"name":"wp","href":"https:\/\/api.w.org\/{rel}","templated":true}]}}